{"id":1465,"date":"2020-10-14T15:44:35","date_gmt":"2020-10-14T13:44:35","guid":{"rendered":"https:\/\/tutorial.sportdatavalley.nl\/?page_id=1465"},"modified":"2020-10-14T15:50:01","modified_gmt":"2020-10-14T13:50:01","slug":"researcher","status":"publish","type":"page","link":"https:\/\/tutorial.sportdatavalley.nl\/en\/researcher\/","title":{"rendered":"Researcher"},"content":{"rendered":"<p><div class=\"fusion-fullwidth fullwidth-box fusion-builder-row-1 fusion-flex-container nonhundred-percent-fullwidth non-hundred-percent-height-scrolling fusion-custom-z-index\" style=\"background-color: rgba(255,255,255,0);background-position: center center;background-repeat: no-repeat;border-width: 0px 0px 0px 0px;border-color:#eae9e9;border-style:solid;\" ><div class=\"fusion-builder-row fusion-row fusion-flex-align-items-flex-start\" style=\"max-width:1185.6px;margin-left: calc(-4% \/ 2 );margin-right: calc(-4% \/ 2 );\"><div class=\"fusion-layout-column fusion_builder_column fusion-builder-column-0 fusion_builder_column_1_2 1_2 fusion-flex-column\"><div class=\"fusion-column-wrapper fusion-flex-justify-content-flex-start fusion-content-layout-column\" style=\"background-position:left top;background-repeat:no-repeat;-webkit-background-size:cover;-moz-background-size:cover;-o-background-size:cover;background-size:cover;padding: 0px 0px 0px 0px;\"><style type=\"text\/css\">@media only screen and (max-width:1024px) {.fusion-title.fusion-title-1{margin-top:0px!important; margin-right:0px!important;margin-bottom:31px!important;margin-left:0px!important;}}@media only screen and (max-width:640px) {.fusion-title.fusion-title-1{margin-top:0px!important; margin-right:0px!important;margin-bottom:20px!important; margin-left:0px!important;}}<\/style><div class=\"fusion-title title fusion-title-1 fusion-sep-none fusion-title-text fusion-title-size-one\" style=\"margin-top:0px;margin-right:0px;margin-bottom:31px;margin-left:0px;\"><h1 class=\"title-heading-left fusion-responsive-typography-calculated\" style=\"margin:0;--fontSize:27;line-height:1.4;\">Rondleiding voor de Researcher<\/h1><\/div><div class=\"fusion-text fusion-text-1 intro\"><p>Maak onderzoek makkelijker, effici\u00ebnter, effectiever en toegankelijker. Met ons platform kun je de data voor je onderzoek op \u00e9\u00e9n plek verzamelen, beheren, analyseren en veilig delen met collega\u2019s en studenten.<\/p>\n<\/div><div class=\"fusion-text fusion-text-2\"><ul>\n<li>Ingebouwde wetenschappelijke vragenlijsten (o.a. RPE, OSTRC, SQUASH).<\/li>\n<li>Toegang tot analysetools via Jupyterlab (R, Python, Octave).<\/li>\n<li>Koppelingen met populaire \u00e9n specifieke (maatwerk) apps, sensoren en databronnen.<\/li>\n<li>AVG-proof toestemmingsworkflow om data veilig met andere onderzoekers en coaches te delen.<\/li>\n<li>Verbind en combineer automatisch data uit vragenlijsten, sensoren en andere bronnen en analyseer deze met de gekoppelde analysetools.<\/li>\n<\/ul>\n<\/div><\/div><style type=\"text\/css\">.fusion-body .fusion-builder-column-0{width:50% !important;margin-top : 0px;margin-bottom : 20px;}.fusion-builder-column-0 > .fusion-column-wrapper {padding-top : 0px !important;padding-right : 0px !important;margin-right : 3.84%;padding-bottom : 0px !important;padding-left : 0px !important;margin-left : 3.84%;}@media only screen and (max-width:1024px) {.fusion-body .fusion-builder-column-0{width:100% !important;order : 0;}.fusion-builder-column-0 > .fusion-column-wrapper {margin-right : 1.92%;margin-left : 1.92%;}}@media only screen and (max-width:640px) {.fusion-body .fusion-builder-column-0{width:100% !important;order : 0;}.fusion-builder-column-0 > .fusion-column-wrapper {margin-right : 1.92%;margin-left : 1.92%;}}<\/style><\/div><div class=\"fusion-layout-column fusion_builder_column fusion-builder-column-1 fusion_builder_column_1_2 1_2 fusion-flex-column\"><div class=\"fusion-column-wrapper fusion-flex-justify-content-flex-start fusion-content-layout-column\" style=\"background-position:left top;background-repeat:no-repeat;-webkit-background-size:cover;-moz-background-size:cover;-o-background-size:cover;background-size:cover;padding: 0px 0px 0px 0px;\"><div ><span class=\" fusion-imageframe imageframe-none imageframe-1 hover-type-none\"><img decoding=\"async\" width=\"561\" height=\"575\" title=\"Sport-Data-Valley-Onderzoekers\" src=\"data:image\/svg+xml,%3Csvg%20xmlns%3D%27http%3A%2F%2Fwww.w3.org%2F2000%2Fsvg%27%20width%3D%27561%27%20height%3D%27575%27%20viewBox%3D%270%200%20561%20575%27%3E%3Crect%20width%3D%27561%27%20height%3D%27575%27%20fill-opacity%3D%220%22%2F%3E%3C%2Fsvg%3E\" data-orig-src=\"https:\/\/tutorial.sportdatavalley.nl\/wp-content\/uploads\/Sport-Data-Valley-Onderzoekers.gif\" alt class=\"lazyload img-responsive wp-image-767\"\/><\/span><\/div><\/div><style type=\"text\/css\">.fusion-body .fusion-builder-column-1{width:50% !important;margin-top : 0px;margin-bottom : 20px;}.fusion-builder-column-1 > .fusion-column-wrapper {padding-top : 0px !important;padding-right : 0px !important;margin-right : 3.84%;padding-bottom : 0px !important;padding-left : 0px !important;margin-left : 3.84%;}@media only screen and (max-width:1024px) {.fusion-body .fusion-builder-column-1{width:100% !important;order : 0;}.fusion-builder-column-1 > .fusion-column-wrapper {margin-right : 1.92%;margin-left : 1.92%;}}@media only screen and (max-width:640px) {.fusion-body .fusion-builder-column-1{width:100% !important;order : 0;}.fusion-builder-column-1 > .fusion-column-wrapper {margin-right : 1.92%;margin-left : 1.92%;}}<\/style><\/div><\/div><style type=\"text\/css\">.fusion-fullwidth.fusion-builder-row-1 { z-index:0 !important; }.fusion-body .fusion-flex-container.fusion-builder-row-1{ padding-top : 31px;margin-top : 51px;padding-right : 0px;padding-bottom : 0%;margin-bottom : 50px;padding-left : 0px;}<\/style><\/div><div class=\"fusion-fullwidth fullwidth-box fusion-builder-row-2 fusion-flex-container nonhundred-percent-fullwidth non-hundred-percent-height-scrolling\" style=\"background-color: #ffffff;background-position: center center;background-repeat: no-repeat;border-width: 0px 0px 0px 0px;border-color:#eae9e9;border-style:solid;\" ><div class=\"fusion-builder-row fusion-row fusion-flex-align-items-flex-start\" style=\"max-width:1185.6px;margin-left: calc(-4% \/ 2 );margin-right: calc(-4% \/ 2 );\"><div class=\"fusion-layout-column fusion_builder_column fusion-builder-column-2 fusion_builder_column_1_2 1_2 fusion-flex-column\"><div class=\"fusion-column-wrapper fusion-flex-justify-content-flex-start fusion-content-layout-column\" style=\"background-position:left top;background-repeat:no-repeat;-webkit-background-size:cover;-moz-background-size:cover;-o-background-size:cover;background-size:cover;padding: 0px 0px 0px 0px;\"><div ><span class=\" fusion-imageframe imageframe-none imageframe-2 hover-type-none\"><img decoding=\"async\" width=\"600\" height=\"457\" title=\"Sport-Data-Valley-Dashboard-onderzoeker\" src=\"https:\/\/tutorial.sportdatavalley.nl\/wp-content\/uploads\/Sport-Data-Valley-Dashboard-onderzoeker.jpg\" data-orig-src=\"https:\/\/tutorial.sportdatavalley.nl\/wp-content\/uploads\/Sport-Data-Valley-Dashboard-onderzoeker-600x457.jpg\" alt class=\"lazyload img-responsive wp-image-773\" srcset=\"data:image\/svg+xml,%3Csvg%20xmlns%3D%27http%3A%2F%2Fwww.w3.org%2F2000%2Fsvg%27%20width%3D%271050%27%20height%3D%27800%27%20viewBox%3D%270%200%201050%20800%27%3E%3Crect%20width%3D%271050%27%20height%3D%27800%27%20fill-opacity%3D%220%22%2F%3E%3C%2Fsvg%3E\" data-srcset=\"https:\/\/tutorial.sportdatavalley.nl\/wp-content\/uploads\/Sport-Data-Valley-Dashboard-onderzoeker-200x152.jpg 200w, https:\/\/tutorial.sportdatavalley.nl\/wp-content\/uploads\/Sport-Data-Valley-Dashboard-onderzoeker-400x305.jpg 400w, https:\/\/tutorial.sportdatavalley.nl\/wp-content\/uploads\/Sport-Data-Valley-Dashboard-onderzoeker-600x457.jpg 600w, https:\/\/tutorial.sportdatavalley.nl\/wp-content\/uploads\/Sport-Data-Valley-Dashboard-onderzoeker-800x610.jpg 800w, https:\/\/tutorial.sportdatavalley.nl\/wp-content\/uploads\/Sport-Data-Valley-Dashboard-onderzoeker.jpg 1050w\" data-sizes=\"auto\" data-orig-sizes=\"(max-width: 1024px) 100vw, (max-width: 640px) 100vw, 600px\" \/><\/span><\/div><\/div><style type=\"text\/css\">.fusion-body .fusion-builder-column-2{width:50% !important;margin-top : 0px;margin-bottom : 20px;}.fusion-builder-column-2 > .fusion-column-wrapper {padding-top : 0px !important;padding-right : 0px !important;margin-right : 3.84%;padding-bottom : 0px !important;padding-left : 0px !important;margin-left : 3.84%;}@media only screen and (max-width:1024px) {.fusion-body .fusion-builder-column-2{width:100% !important;order : 0;}.fusion-builder-column-2 > .fusion-column-wrapper {margin-right : 1.92%;margin-left : 1.92%;}}@media only screen and (max-width:640px) {.fusion-body .fusion-builder-column-2{width:100% !important;order : 0;}.fusion-builder-column-2 > .fusion-column-wrapper {margin-right : 1.92%;margin-left : 1.92%;}}<\/style><\/div><div class=\"fusion-layout-column fusion_builder_column fusion-builder-column-3 fusion_builder_column_1_2 1_2 fusion-flex-column\"><div class=\"fusion-column-wrapper fusion-flex-justify-content-flex-start fusion-content-layout-column\" style=\"background-position:left top;background-repeat:no-repeat;-webkit-background-size:cover;-moz-background-size:cover;-o-background-size:cover;background-size:cover;padding: 0px 0px 0px 0px;\"><style type=\"text\/css\">@media only screen and (max-width:1024px) {.fusion-title.fusion-title-2{margin-top:0px!important; margin-right:0px!important;margin-bottom:31px!important;margin-left:0px!important;}}@media only screen and (max-width:640px) {.fusion-title.fusion-title-2{margin-top:0px!important; margin-right:0px!important;margin-bottom:20px!important; margin-left:0px!important;}}<\/style><div class=\"fusion-title title fusion-title-2 fusion-sep-none fusion-title-text fusion-title-size-one\" style=\"margin-top:0px;margin-right:0px;margin-bottom:31px;margin-left:0px;\"><h1 class=\"title-heading-left fusion-responsive-typography-calculated\" style=\"margin:0;--fontSize:27;line-height:1.4;\">Platform voor onderzoekers<\/h1><\/div><div class=\"fusion-text fusion-text-3\"><p>Het SDV platform bevat alles wat je nodig hebt om data te analyseren en met collega&#8217;s te delen.<\/p>\n<p><a href=\"https:\/\/app.sportdatavalley.nl\/login\">Naar het Platform &gt;<\/a><\/p>\n<\/div><\/div><style type=\"text\/css\">.fusion-body .fusion-builder-column-3{width:50% !important;margin-top : 0px;margin-bottom : 20px;}.fusion-builder-column-3 > .fusion-column-wrapper {padding-top : 0px !important;padding-right : 0px !important;margin-right : 3.84%;padding-bottom : 0px !important;padding-left : 0px !important;margin-left : 3.84%;}@media only screen and (max-width:1024px) {.fusion-body .fusion-builder-column-3{width:100% !important;order : 0;}.fusion-builder-column-3 > .fusion-column-wrapper {margin-right : 1.92%;margin-left : 1.92%;}}@media only screen and (max-width:640px) {.fusion-body .fusion-builder-column-3{width:100% !important;order : 0;}.fusion-builder-column-3 > .fusion-column-wrapper {margin-right : 1.92%;margin-left : 1.92%;}}<\/style><\/div><\/div><style type=\"text\/css\">.fusion-body .fusion-flex-container.fusion-builder-row-2{ padding-top : 5%;margin-top : 0px;padding-right : 5%;padding-bottom : 5%;margin-bottom : 50px;padding-left : 5%;}<\/style><\/div><div class=\"fusion-fullwidth fullwidth-box fusion-builder-row-3 fusion-flex-container nonhundred-percent-fullwidth non-hundred-percent-height-scrolling\" style=\"background-color: rgba(255,255,255,0);background-position: center center;background-repeat: no-repeat;border-width: 0px 0px 0px 0px;border-color:#eae9e9;border-style:solid;\" ><div class=\"fusion-builder-row fusion-row fusion-flex-align-items-flex-start\" style=\"max-width:1185.6px;margin-left: calc(-4% \/ 2 );margin-right: calc(-4% \/ 2 );\"><div class=\"fusion-layout-column fusion_builder_column fusion-builder-column-4 fusion_builder_column_1_1 1_1 fusion-flex-column\"><div class=\"fusion-column-wrapper fusion-flex-justify-content-flex-start fusion-content-layout-column\" style=\"background-position:left top;background-repeat:no-repeat;-webkit-background-size:cover;-moz-background-size:cover;-o-background-size:cover;background-size:cover;padding: 0px 0px 0px 0px;\"><div class=\"fusion-blog-shortcode fusion-blog-shortcode-1 fusion-blog-archive fusion-blog-layout-grid-wrapper fusion-blog-no\"><style type=\"text\/css\">.fusion-blog-shortcode-1 .fusion-blog-layout-grid .fusion-post-grid{padding:20px;}.fusion-blog-shortcode-1 .fusion-posts-container{margin-left: -20px !important; margin-right:-20px !important;}<\/style><div class=\"fusion-posts-container fusion-posts-container-no fusion-blog-layout-grid fusion-blog-layout-grid-3 isotope fusion-blog-equal-heights\" data-pages=\"1\" data-grid-col-space=\"40\" style=\"margin: -20px -20px 0;min-height:500px;\"><article id=\"blog-1-post-1530\" class=\"fusion-post-grid post-1530 post type-post status-publish format-standard hentry category-analyze-data category-researcher category-sdv-jupyter-hub tag-help-en tag-jupyter-en tag-premium-en\">\n<div class=\"fusion-post-wrapper\" style=\"background-color:rgba(255,255,255,1);border:1px solid #e0e0e0;border-bottom-width:3px;\">\n\n<div class=\"fusion-post-content-wrapper\" style=\"padding:30px 25px 20px 25px;\"><div class=\"fusion-post-content post-content\"><h2 class=\"blog-shortcode-post-title entry-title\"><a href=\"https:\/\/tutorial.sportdatavalley.nl\/en\/sdv-jupyter-hub\/more-information-about-jupyterhub\/\">More information about JupyterHub<\/a><\/h2><p class=\"fusion-single-line-meta\">Categories: <a href=\"https:\/\/tutorial.sportdatavalley.nl\/en\/category\/analyze-data\/\" rel=\"category tag\">Analyze data<\/a>, <a href=\"https:\/\/tutorial.sportdatavalley.nl\/en\/category\/researcher\/\" rel=\"category tag\">Researcher<\/a>, <a href=\"https:\/\/tutorial.sportdatavalley.nl\/en\/category\/sdv-jupyter-hub\/\" rel=\"category tag\">SDV Jupyter Hub<\/a><span class=\"fusion-inline-sep\">|<\/span><span class=\"meta-tags\">Tags: <a href=\"https:\/\/tutorial.sportdatavalley.nl\/en\/tag\/help-en\/\" rel=\"tag\">Help<\/a>, <a href=\"https:\/\/tutorial.sportdatavalley.nl\/en\/tag\/jupyter-en\/\" rel=\"tag\">Jupyter<\/a>, <a href=\"https:\/\/tutorial.sportdatavalley.nl\/en\/tag\/premium-en\/\" rel=\"tag\">Premium<\/a><\/span><span class=\"fusion-inline-sep\">|<\/span><\/p><div class=\"fusion-content-sep sep-none\" style=\"border-color:#ebeaea;\"><\/div><div class=\"fusion-post-content-container\"><p>Voor meer algemene informatie over het gebruik van JupyterHub en al zijn functionaliteiten...<\/p><\/div><\/div><\/div><div class=\"fusion-clearfix\"><\/div><\/div>\n<\/article>\n<div class=\"fusion-clearfix\"><\/div><\/div><\/div><\/div><style type=\"text\/css\">.fusion-body .fusion-builder-column-4{width:100% !important;margin-top : 0px;margin-bottom : 20px;}.fusion-builder-column-4 > .fusion-column-wrapper {padding-top : 0px !important;padding-right : 0px !important;margin-right : 1.92%;padding-bottom : 0px !important;padding-left : 0px !important;margin-left : 1.92%;}@media only screen and (max-width:1024px) {.fusion-body .fusion-builder-column-4{width:100% !important;order : 0;}.fusion-builder-column-4 > .fusion-column-wrapper {margin-right : 1.92%;margin-left : 1.92%;}}@media only screen and (max-width:640px) {.fusion-body .fusion-builder-column-4{width:100% !important;order : 0;}.fusion-builder-column-4 > .fusion-column-wrapper {margin-right : 1.92%;margin-left : 1.92%;}}<\/style><\/div><\/div><style type=\"text\/css\">.fusion-body .fusion-flex-container.fusion-builder-row-3{ padding-top : 0px;margin-top : 0px;padding-right : 0px;padding-bottom : 0px;margin-bottom : 0px;padding-left : 0px;}<\/style><\/div><\/p>\n","protected":false},"excerpt":{"rendered":"","protected":false},"author":2,"featured_media":0,"parent":0,"menu_order":0,"comment_status":"closed","ping_status":"closed","template":"","meta":{"footnotes":""},"class_list":["post-1465","page","type-page","status-publish","hentry"],"yoast_head":"<!-- This site is optimized with the Yoast SEO plugin v24.0 - https:\/\/yoast.com\/wordpress\/plugins\/seo\/ -->\n<title>Researcher - Sport Data Valley Tutorial<\/title>\n<meta name=\"robots\" content=\"noindex, follow, max-snippet:-1, max-image-preview:large, max-video-preview:-1\" \/>\n<meta property=\"og:locale\" content=\"en_US\" \/>\n<meta property=\"og:type\" content=\"article\" \/>\n<meta property=\"og:title\" content=\"Researcher - Sport Data Valley Tutorial\" \/>\n<meta property=\"og:url\" content=\"https:\/\/tutorial.sportdatavalley.nl\/en\/researcher\/\" \/>\n<meta property=\"og:site_name\" content=\"Sport Data Valley Tutorial\" \/>\n<meta property=\"article:modified_time\" content=\"2020-10-14T13:50:01+00:00\" \/>\n<meta name=\"twitter:card\" content=\"summary_large_image\" \/>\n<meta name=\"twitter:label1\" content=\"Est. reading time\" \/>\n\t<meta name=\"twitter:data1\" content=\"12 minutes\" \/>\n<script type=\"application\/ld+json\" class=\"yoast-schema-graph\">{\"@context\":\"https:\/\/schema.org\",\"@graph\":[{\"@type\":\"WebPage\",\"@id\":\"https:\/\/tutorial.sportdatavalley.nl\/en\/researcher\/\",\"url\":\"https:\/\/tutorial.sportdatavalley.nl\/en\/researcher\/\",\"name\":\"Researcher - Sport Data Valley Tutorial\",\"isPartOf\":{\"@id\":\"https:\/\/tutorial.sportdatavalley.nl\/en\/#website\"},\"datePublished\":\"2020-10-14T13:44:35+00:00\",\"dateModified\":\"2020-10-14T13:50:01+00:00\",\"breadcrumb\":{\"@id\":\"https:\/\/tutorial.sportdatavalley.nl\/en\/researcher\/#breadcrumb\"},\"inLanguage\":\"en-US\",\"potentialAction\":[{\"@type\":\"ReadAction\",\"target\":[\"https:\/\/tutorial.sportdatavalley.nl\/en\/researcher\/\"]}]},{\"@type\":\"BreadcrumbList\",\"@id\":\"https:\/\/tutorial.sportdatavalley.nl\/en\/researcher\/#breadcrumb\",\"itemListElement\":[{\"@type\":\"ListItem\",\"position\":1,\"name\":\"Home\",\"item\":\"https:\/\/tutorial.sportdatavalley.nl\/en\/\"},{\"@type\":\"ListItem\",\"position\":2,\"name\":\"Researcher\"}]},{\"@type\":\"WebSite\",\"@id\":\"https:\/\/tutorial.sportdatavalley.nl\/en\/#website\",\"url\":\"https:\/\/tutorial.sportdatavalley.nl\/en\/\",\"name\":\"Sport Data Valley Tutorial\",\"description\":\"Everything you need to know about the dashboard\",\"potentialAction\":[{\"@type\":\"SearchAction\",\"target\":{\"@type\":\"EntryPoint\",\"urlTemplate\":\"https:\/\/tutorial.sportdatavalley.nl\/en\/?s={search_term_string}\"},\"query-input\":{\"@type\":\"PropertyValueSpecification\",\"valueRequired\":true,\"valueName\":\"search_term_string\"}}],\"inLanguage\":\"en-US\"}]}<\/script>\n<!-- \/ Yoast SEO plugin. -->","yoast_head_json":{"title":"Researcher - Sport Data Valley Tutorial","robots":{"index":"noindex","follow":"follow","max-snippet":"max-snippet:-1","max-image-preview":"max-image-preview:large","max-video-preview":"max-video-preview:-1"},"og_locale":"en_US","og_type":"article","og_title":"Researcher - Sport Data Valley Tutorial","og_url":"https:\/\/tutorial.sportdatavalley.nl\/en\/researcher\/","og_site_name":"Sport Data Valley Tutorial","article_modified_time":"2020-10-14T13:50:01+00:00","twitter_card":"summary_large_image","twitter_misc":{"Est. reading time":"12 minutes"},"schema":{"@context":"https:\/\/schema.org","@graph":[{"@type":"WebPage","@id":"https:\/\/tutorial.sportdatavalley.nl\/en\/researcher\/","url":"https:\/\/tutorial.sportdatavalley.nl\/en\/researcher\/","name":"Researcher - Sport Data Valley Tutorial","isPartOf":{"@id":"https:\/\/tutorial.sportdatavalley.nl\/en\/#website"},"datePublished":"2020-10-14T13:44:35+00:00","dateModified":"2020-10-14T13:50:01+00:00","breadcrumb":{"@id":"https:\/\/tutorial.sportdatavalley.nl\/en\/researcher\/#breadcrumb"},"inLanguage":"en-US","potentialAction":[{"@type":"ReadAction","target":["https:\/\/tutorial.sportdatavalley.nl\/en\/researcher\/"]}]},{"@type":"BreadcrumbList","@id":"https:\/\/tutorial.sportdatavalley.nl\/en\/researcher\/#breadcrumb","itemListElement":[{"@type":"ListItem","position":1,"name":"Home","item":"https:\/\/tutorial.sportdatavalley.nl\/en\/"},{"@type":"ListItem","position":2,"name":"Researcher"}]},{"@type":"WebSite","@id":"https:\/\/tutorial.sportdatavalley.nl\/en\/#website","url":"https:\/\/tutorial.sportdatavalley.nl\/en\/","name":"Sport Data Valley Tutorial","description":"Everything you need to know about the dashboard","potentialAction":[{"@type":"SearchAction","target":{"@type":"EntryPoint","urlTemplate":"https:\/\/tutorial.sportdatavalley.nl\/en\/?s={search_term_string}"},"query-input":{"@type":"PropertyValueSpecification","valueRequired":true,"valueName":"search_term_string"}}],"inLanguage":"en-US"}]}},"_links":{"self":[{"href":"https:\/\/tutorial.sportdatavalley.nl\/en\/wp-json\/wp\/v2\/pages\/1465","targetHints":{"allow":["GET"]}}],"collection":[{"href":"https:\/\/tutorial.sportdatavalley.nl\/en\/wp-json\/wp\/v2\/pages"}],"about":[{"href":"https:\/\/tutorial.sportdatavalley.nl\/en\/wp-json\/wp\/v2\/types\/page"}],"author":[{"embeddable":true,"href":"https:\/\/tutorial.sportdatavalley.nl\/en\/wp-json\/wp\/v2\/users\/2"}],"replies":[{"embeddable":true,"href":"https:\/\/tutorial.sportdatavalley.nl\/en\/wp-json\/wp\/v2\/comments?post=1465"}],"version-history":[{"count":2,"href":"https:\/\/tutorial.sportdatavalley.nl\/en\/wp-json\/wp\/v2\/pages\/1465\/revisions"}],"predecessor-version":[{"id":1481,"href":"https:\/\/tutorial.sportdatavalley.nl\/en\/wp-json\/wp\/v2\/pages\/1465\/revisions\/1481"}],"wp:attachment":[{"href":"https:\/\/tutorial.sportdatavalley.nl\/en\/wp-json\/wp\/v2\/media?parent=1465"}],"curies":[{"name":"wp","href":"https:\/\/api.w.org\/{rel}","templated":true}]}}